{"id":1793,"date":"2025-07-26T19:19:24","date_gmt":"2025-07-26T22:19:24","guid":{"rendered":"https:\/\/ucachamaquinarias.com.ar\/wp\/?page_id=1793"},"modified":"2025-07-26T19:36:09","modified_gmt":"2025-07-26T22:36:09","slug":"boyero-solar-compacto-vaquero-30-km-potencia-y-autonomia","status":"publish","type":"page","link":"https:\/\/ucachamaquinarias.com.ar\/wp\/boyero-solar-compacto-vaquero-30-km-potencia-y-autonomia\/","title":{"rendered":"Boyero Solar"},"content":{"rendered":"<p>El Boyero Solar Compacto Vaquero 30 km, es la versi\u00f3n econ\u00f3mica y confiable del boyero solar m\u00e1s elegido de Argentina. Este pateador solar es ideal para la contenci\u00f3n de ganado en \u00e1reas medianas, proporcionando alta potencia y autonom\u00eda extendida. Equipado con un panel solar y bater\u00eda interna, asegura una instalaci\u00f3n sencilla y sin necesidad de mantenimiento.<br \/>\n<img loading=\"lazy\" decoding=\"async\" class=\"alignnone size-medium wp-image-1795\" src=\"https:\/\/ucachamaquinarias.com.ar\/wp\/wp-content\/uploads\/2025\/07\/b2-300x297.jpg\" alt=\"\" width=\"300\" height=\"297\" \/><\/p>\n<p>Ventajas del Boyero Vaquero Solar Compacto<br \/>\nAlto rendimiento solar: El boyero incluye un panel solar de alta eficiencia, que mantiene la bater\u00eda interna cargada y ofrece autonom\u00eda prolongada en condiciones sin luz solar. Es la marca l\u00edder en autonom\u00eda y vida \u00fatil, brindando una semana de autonom\u00eda sin sol con una bater\u00eda de apenas 7 amperes, y se cambia f\u00e1cilmente cada 3 a 5 a\u00f1os por otra del mismo tama\u00f1o.<\/p>\n<p><img loading=\"lazy\" decoding=\"async\" class=\"alignnone size-medium wp-image-1796\" src=\"https:\/\/ucachamaquinarias.com.ar\/wp\/wp-content\/uploads\/2025\/07\/b3-300x300.jpg\" alt=\"\" width=\"300\" height=\"300\" srcset=\"https:\/\/ucachamaquinarias.com.ar\/wp\/wp-content\/uploads\/2025\/07\/b3-300x300.jpg 300w, https:\/\/ucachamaquinarias.com.ar\/wp\/wp-content\/uploads\/2025\/07\/b3-150x150.jpg 150w, https:\/\/ucachamaquinarias.com.ar\/wp\/wp-content\/uploads\/2025\/07\/b3-768x765.jpg 768w, https:\/\/ucachamaquinarias.com.ar\/wp\/wp-content\/uploads\/2025\/07\/b3-600x598.jpg 600w, https:\/\/ucachamaquinarias.com.ar\/wp\/wp-content\/uploads\/2025\/07\/b3-100x100.jpg 100w, https:\/\/ucachamaquinarias.com.ar\/wp\/wp-content\/uploads\/2025\/07\/b3.jpg 1016w\" sizes=\"auto, (max-width: 300px) 100vw, 300px\" \/><\/p>\n<p>Caracter\u00edsticas T\u00e9cnicas<\/p>\n<p>\u2022 Boyero Vaquero Solar Compacto 30 km: Este electrificador solar garantiza hasta 7 d\u00edas de autonom\u00eda sin sol y es reconocido por su eficiencia y f\u00e1cil mantenimiento. Su bater\u00eda interna de 12V, alimentada por un m\u00f3dulo solar de 3W, alcanza descargas de hasta 10,000 voltios. Fabricado con altos est\u00e1ndares, cuenta con una garant\u00eda de 1 a\u00f1o y certificaci\u00f3n IRAM en Seguridad El\u00e9ctrica I.E.C. 60335-2-76.<br \/>\nCaracter\u00edsticas t\u00e9cnicas:<br \/>\no Alcance: 30 km<br \/>\no Alimentaci\u00f3n: Panel solar de 3W y bater\u00eda interna 12V<br \/>\no Radio de alcance: 2000 metros<br \/>\no Dimensiones y peso: 37x22x24 cm \/ 6.710 kg<br \/>\no Incluye: Boyero, cables de conexi\u00f3n, kit de instalaci\u00f3n con llave Alem y abrazadera, medidor de inclinaci\u00f3n.<br \/>\n\u2022 500 metros de hilo electropl\u00e1stico de 7 hebras de acero: Recomendado para tiradas de hasta 750 metros, ofrece excelente conductividad y durabilidad.<br \/>\n\u2022 100 aisladores campanita y 30 aisladores rienda esquinero: Los aisladores incluidos en el kit aseguran el mantenimiento de la tensi\u00f3n de la l\u00ednea y son altamente resistentes a la intemperie.<br \/>\nRecomendaciones:<br \/>\nPara mantener el rendimiento \u00f3ptimo del sistema, instale los aisladores a una distancia que permita mantener la l\u00ednea recta. Recomendamos emplear ca\u00f1os galvanizados de al menos 2 metros como toma de tierra, lo cual optimizar\u00e1 la eficiencia del boyero y minimizar\u00e1 el desgaste del equipo. En terrenos irregulares, ajuste la altura de los aisladores para un rendimiento consistente.<\/p>\n","protected":false},"excerpt":{"rendered":"<p>El Boyero Solar Compacto Vaquero 30 km, es la versi\u00f3n econ\u00f3mica y confiable del boyero solar m\u00e1s elegido de Argentina. Este pateador solar es ideal para la contenci\u00f3n de ganado &#8230;<\/p>\n","protected":false},"author":1,"featured_media":0,"parent":0,"menu_order":0,"comment_status":"closed","ping_status":"closed","template":"","meta":{"footnotes":""},"class_list":["post-1793","page","type-page","status-publish","hentry"],"_links":{"self":[{"href":"https:\/\/ucachamaquinarias.com.ar\/wp\/wp-json\/wp\/v2\/pages\/1793","targetHints":{"allow":["GET"]}}],"collection":[{"href":"https:\/\/ucachamaquinarias.com.ar\/wp\/wp-json\/wp\/v2\/pages"}],"about":[{"href":"https:\/\/ucachamaquinarias.com.ar\/wp\/wp-json\/wp\/v2\/types\/page"}],"author":[{"embeddable":true,"href":"https:\/\/ucachamaquinarias.com.ar\/wp\/wp-json\/wp\/v2\/users\/1"}],"replies":[{"embeddable":true,"href":"https:\/\/ucachamaquinarias.com.ar\/wp\/wp-json\/wp\/v2\/comments?post=1793"}],"version-history":[{"count":2,"href":"https:\/\/ucachamaquinarias.com.ar\/wp\/wp-json\/wp\/v2\/pages\/1793\/revisions"}],"predecessor-version":[{"id":1810,"href":"https:\/\/ucachamaquinarias.com.ar\/wp\/wp-json\/wp\/v2\/pages\/1793\/revisions\/1810"}],"wp:attachment":[{"href":"https:\/\/ucachamaquinarias.com.ar\/wp\/wp-json\/wp\/v2\/media?parent=1793"}],"curies":[{"name":"wp","href":"https:\/\/api.w.org\/{rel}","templated":true}]}}